{"id":23072,"date":"2018-05-25T15:55:52","date_gmt":"2018-05-25T15:55:52","guid":{"rendered":"https:\/\/gloptic.you2.pl\/pl\/?page_id=23072"},"modified":"2025-04-14T22:46:54","modified_gmt":"2025-04-14T22:46:54","slug":"z-polityka-prywatnosci","status":"publish","type":"page","link":"https:\/\/gloptic.com\/pl\/kontakt\/z-polityka-prywatnosci\/","title":{"rendered":"Informacje prawne"},"content":{"rendered":"\t\t<div data-elementor-type=\"wp-page\" data-elementor-id=\"23072\" class=\"elementor elementor-23072\" data-elementor-post-type=\"page\">\n\t\t\t\t<div data-particle_enable=\"false\" data-particle-mobile-disabled=\"false\" class=\"elementor-element elementor-element-5b4a7875 e-flex e-con-boxed e-con e-parent\" data-id=\"5b4a7875\" data-element_type=\"container\">\n\t\t\t\t\t<div class=\"e-con-inner\">\n\t\t\t\t<div class=\"elementor-element elementor-element-b740e87 elementor-widget elementor-widget-heading\" data-id=\"b740e87\" data-element_type=\"widget\" data-widget_type=\"heading.default\">\n\t\t\t\t\t<h2 class=\"elementor-heading-title elementor-size-default\">Informacje prawne\n<\/h2>\t\t\t\t<\/div>\n\t\t\t\t<div class=\"elementor-element elementor-element-4223eaa4 elementor-widget elementor-widget-text-editor\" data-id=\"4223eaa4\" data-element_type=\"widget\" data-widget_type=\"text-editor.default\">\n\t\t\t\t\t\t\t\t\t<p>Prosimy o zapoznanie si\u0119 z poni\u017cszymi informacjami.<\/p><p><a href=\"https:\/\/gloptic.com\/wp-content\/uploads\/2023\/01\/OWS_4_01_2023_ENG.pdf\">OG\u00d3LNE WARUNKI SPRZEDA\u017bY<\/a><\/p><p><a href=\"https:\/\/gloptic.com\/wp-content\/uploads\/2018\/07\/GDPR_v25052018.pdf\">OG\u00d3LNE ROZPORZ\u0104DZENIE O OCHRONIE DANYCH<\/a><\/p><p><a href=\"https:\/\/gloptic.com\/wp-content\/uploads\/2018\/07\/Cookies-Politics_EN_v.24052018.pdf\">CIASTECZKA POLITYKA<\/a><\/p><p><a href=\"https:\/\/gloptic.com\/wp-content\/uploads\/2019\/10\/GL-_Licence-v-1.0.pdf\">LICENCJA NA KORZYSTANIE Z PROGRAMU KOMPUTEROWEGO<\/a><\/p>\t\t\t\t\t\t\t\t<\/div>\n\t\t\t\t\t<\/div>\n\t\t\t\t<\/div>\n\t\t\t\t<\/div>\n\t\t","protected":false},"excerpt":{"rendered":"<p>Informacje prawne Prosimy o zapoznanie si\u0119 z poni\u017cszymi informacjami. OG\u00d3LNE WARUNKI SPRZEDA\u017bY OG\u00d3LNE ROZPORZ\u0104DZENIE O OCHRONIE DANYCH CIASTECZKA POLITYKA LICENCJA NA KORZYSTANIE Z PROGRAMU KOMPUTEROWEGO<\/p>\n","protected":false},"author":2,"featured_media":0,"parent":20941,"menu_order":0,"comment_status":"closed","ping_status":"closed","template":"","meta":{"footnotes":""},"folder":[],"class_list":["post-23072","page","type-page","status-publish","hentry"],"_links":{"self":[{"href":"https:\/\/gloptic.com\/pl\/wp-json\/wp\/v2\/pages\/23072","targetHints":{"allow":["GET"]}}],"collection":[{"href":"https:\/\/gloptic.com\/pl\/wp-json\/wp\/v2\/pages"}],"about":[{"href":"https:\/\/gloptic.com\/pl\/wp-json\/wp\/v2\/types\/page"}],"author":[{"embeddable":true,"href":"https:\/\/gloptic.com\/pl\/wp-json\/wp\/v2\/users\/2"}],"replies":[{"embeddable":true,"href":"https:\/\/gloptic.com\/pl\/wp-json\/wp\/v2\/comments?post=23072"}],"version-history":[{"count":7,"href":"https:\/\/gloptic.com\/pl\/wp-json\/wp\/v2\/pages\/23072\/revisions"}],"predecessor-version":[{"id":66184,"href":"https:\/\/gloptic.com\/pl\/wp-json\/wp\/v2\/pages\/23072\/revisions\/66184"}],"up":[{"embeddable":true,"href":"https:\/\/gloptic.com\/pl\/wp-json\/wp\/v2\/pages\/20941"}],"wp:attachment":[{"href":"https:\/\/gloptic.com\/pl\/wp-json\/wp\/v2\/media?parent=23072"}],"wp:term":[{"taxonomy":"folder","embeddable":true,"href":"https:\/\/gloptic.com\/pl\/wp-json\/wp\/v2\/folder?post=23072"}],"curies":[{"name":"wp","href":"https:\/\/api.w.org\/{rel}","templated":true}]}}