{"id":20941,"date":"2017-09-20T19:01:09","date_gmt":"2017-09-20T17:01:09","guid":{"rendered":"http:\/\/dev.gl.creativelogic.io\/?page_id=20941\/"},"modified":"2025-11-07T15:14:41","modified_gmt":"2025-11-07T15:14:41","slug":"kontakt","status":"publish","type":"page","link":"https:\/\/gloptic.com\/de\/kontakt\/","title":{"rendered":"Kontakt"},"content":{"rendered":"\t\t<div data-elementor-type=\"wp-page\" data-elementor-id=\"20941\" class=\"elementor elementor-20941\" data-elementor-post-type=\"page\">\n\t\t\t\t<div data-particle_enable=\"false\" data-particle-mobile-disabled=\"false\" class=\"elementor-element elementor-element-89c034d e-flex e-con-boxed e-con e-parent\" data-id=\"89c034d\" data-element_type=\"container\">\n\t\t\t\t\t<div class=\"e-con-inner\">\n\t\t<div data-particle_enable=\"false\" data-particle-mobile-disabled=\"false\" class=\"elementor-element elementor-element-f90af6a e-con-full e-flex e-con e-child\" data-id=\"f90af6a\" data-element_type=\"container\">\n\t\t\t\t<div class=\"elementor-element elementor-element-8e53d50 elementor-widget elementor-widget-image\" data-id=\"8e53d50\" data-element_type=\"widget\" data-widget_type=\"image.default\">\n\t\t\t\t\t\t\t\t\t\t\t\t\t\t\t<img fetchpriority=\"high\" decoding=\"async\" width=\"300\" height=\"246\" src=\"https:\/\/gloptic.com\/de\/wp-content\/uploads\/sites\/4\/2015\/05\/just-hq-300x246-1.jpg\" class=\"attachment-large size-large wp-image-46426\" alt=\"\" \/>\t\t\t\t\t\t\t\t\t\t\t\t\t\t\t<\/div>\n\t\t\t\t<\/div>\n\t\t<div data-particle_enable=\"false\" data-particle-mobile-disabled=\"false\" class=\"elementor-element elementor-element-f9e952f e-con-full e-flex e-con e-child\" data-id=\"f9e952f\" data-element_type=\"container\">\n\t\t\t\t<div class=\"elementor-element elementor-element-bebd3a3 elementor-widget elementor-widget-heading\" data-id=\"bebd3a3\" data-element_type=\"widget\" data-widget_type=\"heading.default\">\n\t\t\t\t\t<h2 class=\"elementor-heading-title elementor-size-default\">KONTAKT US<\/h2>\t\t\t\t<\/div>\n\t\t\t\t<div class=\"elementor-element elementor-element-63a55aa elementor-widget elementor-widget-text-editor\" data-id=\"63a55aa\" data-element_type=\"widget\" data-widget_type=\"text-editor.default\">\n\t\t\t\t\t\t\t\t\tGL Optic ist ein polnisch-deutscher Hersteller von pr\u00e4zisen Lichtmessger\u00e4ten und komplexen L\u00f6sungen f\u00fcr spektrale Lichtmesssysteme.\t\t\t\t\t\t\t\t<\/div>\n\t\t\t\t<div class=\"elementor-element elementor-element-2e71b8f elementor-widget elementor-widget-text-editor\" data-id=\"2e71b8f\" data-element_type=\"widget\" data-widget_type=\"text-editor.default\">\n\t\t\t\t\t\t\t\t\t<p>In unserer Produktlinie finden Sie intelligent konzipierte, intuitive und genaue Messsysteme, darunter: Spektrometer, Ulbricht-Kugeln, Goniometer, programmierbare LED-Lichtquellen und Analysesoftware.<\/p>\t\t\t\t\t\t\t\t<\/div>\n\t\t\t\t<\/div>\n\t\t\t\t\t<\/div>\n\t\t\t\t<\/div>\n\t\t<div data-particle_enable=\"false\" data-particle-mobile-disabled=\"false\" class=\"elementor-element elementor-element-88d7c96 e-flex e-con-boxed e-con e-parent\" data-id=\"88d7c96\" data-element_type=\"container\">\n\t\t\t\t\t<div class=\"e-con-inner\">\n\t\t<div data-particle_enable=\"false\" data-particle-mobile-disabled=\"false\" class=\"elementor-element elementor-element-edc1501 e-con-full e-flex e-con e-child\" data-id=\"edc1501\" data-element_type=\"container\">\n\t\t\t\t<div class=\"elementor-element elementor-element-36649c2 elementor-widget elementor-widget-heading\" data-id=\"36649c2\" data-element_type=\"widget\" data-widget_type=\"heading.default\">\n\t\t\t\t\t<h2 class=\"elementor-heading-title elementor-size-default\">Polen<\/h2>\t\t\t\t<\/div>\n\t\t\t\t<div class=\"elementor-element elementor-element-bd9da3e elementor-widget elementor-widget-text-editor\" data-id=\"bd9da3e\" data-element_type=\"widget\" data-widget_type=\"text-editor.default\">\n\t\t\t\t\t\t\t\t\t<p><strong>GL OPTIC POLSKA Sp. z o.o.<\/strong><br \/>ul. Pozna\u0144ska 70<br \/>62-040 Puszczykowo<br \/>Poland<br \/>Phone: <a href=\"tel:+48611024721\">+48 61\u00a0102 47 21<\/a><br \/>E-Mail: office@gloptic.com<\/p>\t\t\t\t\t\t\t\t<\/div>\n\t\t\t\t<\/div>\n\t\t\t\t\t<\/div>\n\t\t\t\t<\/div>\n\t\t<div data-particle_enable=\"false\" data-particle-mobile-disabled=\"false\" class=\"elementor-element elementor-element-12f9814d e-flex e-con-boxed e-con e-parent\" data-id=\"12f9814d\" data-element_type=\"container\" id=\"get-quote\" data-settings=\"{&quot;background_background&quot;:&quot;classic&quot;}\">\n\t\t\t\t\t<div class=\"e-con-inner\">\n\t\t\t\t<div class=\"elementor-element elementor-element-4a89ca82 elementor-widget elementor-widget-heading\" data-id=\"4a89ca82\" data-element_type=\"widget\" data-widget_type=\"heading.default\">\n\t\t\t\t\t<h2 class=\"elementor-heading-title elementor-size-default\">Angebot einholen<\/h2>\t\t\t\t<\/div>\n\t\t\t\t<div class=\"elementor-element elementor-element-492ef554 elementor-button-align-stretch elementor-widget elementor-widget-global elementor-global-54899 elementor-widget-form\" data-id=\"492ef554\" data-element_type=\"widget\" data-settings=\"{&quot;step_next_label&quot;:&quot;Next&quot;,&quot;step_previous_label&quot;:&quot;Previous&quot;,&quot;button_width&quot;:&quot;100&quot;,&quot;step_type&quot;:&quot;number_text&quot;,&quot;step_icon_shape&quot;:&quot;circle&quot;}\" data-widget_type=\"form.default\">\n\t\t\t\t\t\t\t<form class=\"elementor-form\" method=\"post\" name=\"New Form\">\n\t\t\t<input type=\"hidden\" name=\"post_id\" value=\"20941\"\/>\n\t\t\t<input type=\"hidden\" name=\"form_id\" value=\"492ef554\"\/>\n\t\t\t<input type=\"hidden\" name=\"referer_title\" value=\"\" \/>\n\n\t\t\t\n\t\t\t<div class=\"elementor-form-fields-wrapper elementor-labels-\">\n\t\t\t\t\t\t\t\t<div class=\"elementor-field-type-text elementor-field-group elementor-column elementor-field-group-name elementor-col-100 elementor-field-required\">\n\t\t\t\t\t\t\t\t\t\t\t\t<label for=\"form-field-name\" class=\"elementor-field-label elementor-screen-only\">\n\t\t\t\t\t\t\t\tVorname*\t\t\t\t\t\t\t<\/label>\n\t\t\t\t\t\t\t\t\t\t\t\t\t\t<input size=\"1\" type=\"text\" name=\"form_fields[name]\" id=\"form-field-name\" class=\"elementor-field elementor-size-sm  elementor-field-textual\" placeholder=\"Vorname*\" required=\"required\">\n\t\t\t\t\t\t\t\t\t\t\t<\/div>\n\t\t\t\t\t\t\t\t<div class=\"elementor-field-type-text elementor-field-group elementor-column elementor-field-group-email elementor-col-100 elementor-field-required\">\n\t\t\t\t\t\t\t\t\t\t\t\t<label for=\"form-field-email\" class=\"elementor-field-label elementor-screen-only\">\n\t\t\t\t\t\t\t\tNachname*\t\t\t\t\t\t\t<\/label>\n\t\t\t\t\t\t\t\t\t\t\t\t\t\t<input size=\"1\" type=\"text\" name=\"form_fields[email]\" id=\"form-field-email\" class=\"elementor-field elementor-size-sm  elementor-field-textual\" placeholder=\"Nachname*\" required=\"required\">\n\t\t\t\t\t\t\t\t\t\t\t<\/div>\n\t\t\t\t\t\t\t\t<div class=\"elementor-field-type-email elementor-field-group elementor-column elementor-field-group-field_3cf3028 elementor-col-100 elementor-field-required\">\n\t\t\t\t\t\t\t\t\t\t\t\t<label for=\"form-field-field_3cf3028\" class=\"elementor-field-label elementor-screen-only\">\n\t\t\t\t\t\t\t\tEmail*\t\t\t\t\t\t\t<\/label>\n\t\t\t\t\t\t\t\t\t\t\t\t\t\t<input size=\"1\" type=\"email\" name=\"form_fields[field_3cf3028]\" id=\"form-field-field_3cf3028\" class=\"elementor-field elementor-size-sm  elementor-field-textual\" placeholder=\"E-Mail*\" required=\"required\">\n\t\t\t\t\t\t\t\t\t\t\t<\/div>\n\t\t\t\t\t\t\t\t<div class=\"elementor-field-type-text elementor-field-group elementor-column elementor-field-group-field_9d28fc1 elementor-col-100\">\n\t\t\t\t\t\t\t\t\t\t\t\t<label for=\"form-field-field_9d28fc1\" class=\"elementor-field-label elementor-screen-only\">\n\t\t\t\t\t\t\t\tCompany\t\t\t\t\t\t\t<\/label>\n\t\t\t\t\t\t\t\t\t\t\t\t\t\t<input size=\"1\" type=\"text\" name=\"form_fields[field_9d28fc1]\" id=\"form-field-field_9d28fc1\" class=\"elementor-field elementor-size-sm  elementor-field-textual\" placeholder=\"Unternehmen\">\n\t\t\t\t\t\t\t\t\t\t\t<\/div>\n\t\t\t\t\t\t\t\t<div class=\"elementor-field-type-text elementor-field-group elementor-column elementor-field-group-field_8e25b96 elementor-col-100\">\n\t\t\t\t\t\t\t\t\t\t\t\t<label for=\"form-field-field_8e25b96\" class=\"elementor-field-label elementor-screen-only\">\n\t\t\t\t\t\t\t\tCountry*\t\t\t\t\t\t\t<\/label>\n\t\t\t\t\t\t\t\t\t\t\t\t\t\t<input size=\"1\" type=\"text\" name=\"form_fields[field_8e25b96]\" id=\"form-field-field_8e25b96\" class=\"elementor-field elementor-size-sm  elementor-field-textual\" placeholder=\"Land*\">\n\t\t\t\t\t\t\t\t\t\t\t<\/div>\n\t\t\t\t\t\t\t\t<div class=\"elementor-field-type-textarea elementor-field-group elementor-column elementor-field-group-message elementor-col-100 elementor-field-required\">\n\t\t\t\t\t\t\t\t\t\t\t\t<label for=\"form-field-message\" class=\"elementor-field-label elementor-screen-only\">\n\t\t\t\t\t\t\t\tYour message...*\t\t\t\t\t\t\t<\/label>\n\t\t\t\t\t\t<textarea class=\"elementor-field-textual elementor-field  elementor-size-sm\" name=\"form_fields[message]\" id=\"form-field-message\" rows=\"4\" placeholder=\"Ihre Nachricht...*\" required=\"required\"><\/textarea>\t\t\t\t<\/div>\n\t\t\t\t\t\t\t\t<div class=\"elementor-field-type-acceptance elementor-field-group elementor-column elementor-field-group-field_c47c100 elementor-col-100 elementor-field-required\">\n\t\t\t\t\t\t\t\t\t\t\t\t<label for=\"form-field-field_c47c100\" class=\"elementor-field-label elementor-screen-only\">\n\t\t\t\t\t\t\t\tAcceptance\t\t\t\t\t\t\t<\/label>\n\t\t\t\t\t\t\t\t<div class=\"elementor-field-subgroup\">\n\t\t\t<span class=\"elementor-field-option\">\n\t\t\t\t<input type=\"checkbox\" name=\"form_fields[field_c47c100]\" id=\"form-field-field_c47c100\" class=\"elementor-field elementor-size-sm  elementor-acceptance-field\" required=\"required\">\n\t\t\t\t<label for=\"form-field-field_c47c100\"><span style=\"font-size:0.8em;\">Ich erkl\u00e4re mich mit den Regeln zum Schutz meiner Daten einverstanden. Sie k\u00f6nnen diese Regeln auf dieser Website finden: <a href=\"\/legal\/\" target=\"_blank\">NOTA PRAWNA<\/a><\/span><\/label>\t\t\t<\/span>\n\t\t<\/div>\n\t\t\t\t\t\t<\/div>\n\t\t\t\t\t\t\t\t<div class=\"elementor-field-type-recaptcha_v3 elementor-field-group elementor-column elementor-field-group-field_bb2f34a elementor-col-100 recaptcha_v3-inline\">\n\t\t\t\t\t<div class=\"elementor-field\" id=\"form-field-field_bb2f34a\"><div class=\"elementor-g-recaptcha\" data-sitekey=\"6LcS5h8nAAAAAPXjcAH78gNs9lZmo1joLiikGe2B\" data-type=\"v3\" data-action=\"Form\" data-badge=\"inline\" data-size=\"invisible\"><\/div><\/div>\t\t\t\t<\/div>\n\t\t\t\t\t\t\t\t<div class=\"elementor-field-group elementor-column elementor-field-type-submit elementor-col-100 e-form__buttons\">\n\t\t\t\t\t<button class=\"elementor-button elementor-size-sm\" type=\"submit\">\n\t\t\t\t\t\t<span class=\"elementor-button-content-wrapper\">\n\t\t\t\t\t\t\t\t\t\t\t\t\t\t\t\t\t\t\t\t\t\t<span class=\"elementor-button-text\">Senden Sie<\/span>\n\t\t\t\t\t\t\t\t\t\t\t\t\t<\/span>\n\t\t\t\t\t<\/button>\n\t\t\t\t<\/div>\n\t\t\t<\/div>\n\t\t<\/form>\n\t\t\t\t\t\t<\/div>\n\t\t\t\t\t<\/div>\n\t\t\t\t<\/div>\n\t\t\t\t<\/div>\n\t\t","protected":false},"excerpt":{"rendered":"<p>KONTAKT US GL Optic ist ein polnisch-deutscher Hersteller von pr\u00e4zisen Lichtmessger\u00e4ten und komplexen L\u00f6sungen f\u00fcr spektrale Lichtmesssysteme. In unserer Produktlinie finden Sie intelligent konzipierte, intuitive und genaue Messsysteme, darunter: Spektrometer, Ulbricht-Kugeln, Goniometer, programmierbare LED-Lichtquellen und Analysesoftware. Polen GL OPTIC POLSKA Sp. z o.o.ul. Pozna\u0144ska 7062-040 PuszczykowoPolandPhone: +48 61\u00a0102 47 21E-Mail: office@gloptic.com Angebot einholen<\/p>\n","protected":false},"author":18,"featured_media":63483,"parent":0,"menu_order":0,"comment_status":"closed","ping_status":"closed","template":"","meta":{"inline_featured_image":false,"footnotes":""},"folder":[],"class_list":["post-20941","page","type-page","status-publish","has-post-thumbnail","hentry"],"_links":{"self":[{"href":"https:\/\/gloptic.com\/de\/wp-json\/wp\/v2\/pages\/20941","targetHints":{"allow":["GET"]}}],"collection":[{"href":"https:\/\/gloptic.com\/de\/wp-json\/wp\/v2\/pages"}],"about":[{"href":"https:\/\/gloptic.com\/de\/wp-json\/wp\/v2\/types\/page"}],"author":[{"embeddable":true,"href":"https:\/\/gloptic.com\/de\/wp-json\/wp\/v2\/users\/18"}],"replies":[{"embeddable":true,"href":"https:\/\/gloptic.com\/de\/wp-json\/wp\/v2\/comments?post=20941"}],"version-history":[{"count":4,"href":"https:\/\/gloptic.com\/de\/wp-json\/wp\/v2\/pages\/20941\/revisions"}],"predecessor-version":[{"id":65880,"href":"https:\/\/gloptic.com\/de\/wp-json\/wp\/v2\/pages\/20941\/revisions\/65880"}],"wp:featuredmedia":[{"embeddable":true,"href":"https:\/\/gloptic.com\/de\/wp-json\/wp\/v2\/media\/63483"}],"wp:attachment":[{"href":"https:\/\/gloptic.com\/de\/wp-json\/wp\/v2\/media?parent=20941"}],"wp:term":[{"taxonomy":"folder","embeddable":true,"href":"https:\/\/gloptic.com\/de\/wp-json\/wp\/v2\/folder?post=20941"}],"curies":[{"name":"wp","href":"https:\/\/api.w.org\/{rel}","templated":true}]}}